{"id":2715,"date":"2020-07-13T09:32:17","date_gmt":"2020-07-13T09:32:17","guid":{"rendered":"https:\/\/iprh.de\/updates\/"},"modified":"2020-07-21T19:33:50","modified_gmt":"2020-07-21T19:33:50","slug":"news","status":"publish","type":"page","link":"https:\/\/iprh.de\/en\/news\/","title":{"rendered":"News"},"content":{"rendered":"\t\t<div data-elementor-type=\"wp-page\" data-elementor-id=\"2715\" class=\"elementor elementor-2715 elementor-2193\" data-elementor-post-type=\"page\">\n\t\t\t\t\t\t<section class=\"elementor-section elementor-top-section elementor-element elementor-element-6c32331a elementor-section-full_width elementor-section-height-default elementor-section-height-default\" data-id=\"6c32331a\" data-element_type=\"section\" data-settings=\"{&quot;background_background&quot;:&quot;classic&quot;}\">\n\t\t\t\t\t\t<div class=\"elementor-container elementor-column-gap-default\">\n\t\t\t\t\t<div class=\"elementor-column elementor-col-100 elementor-top-column elementor-element elementor-element-163a30ef\" data-id=\"163a30ef\" data-element_type=\"column\">\n\t\t\t<div class=\"elementor-widget-wrap elementor-element-populated\">\n\t\t\t\t\t\t<div class=\"elementor-element elementor-element-37bbc52a im-highlight elementor-widget elementor-widget-heading\" data-id=\"37bbc52a\" data-element_type=\"widget\" data-widget_type=\"heading.default\">\n\t\t\t\t<div class=\"elementor-widget-container\">\n\t\t\t\t\t<h2 class=\"elementor-heading-title elementor-size-default\">News<\/h2>\t\t\t\t<\/div>\n\t\t\t\t<\/div>\n\t\t\t\t\t<\/div>\n\t\t<\/div>\n\t\t\t\t\t<\/div>\n\t\t<\/section>\n\t\t\t\t<section class=\"elementor-section elementor-top-section elementor-element elementor-element-3e76f17 elementor-section-boxed elementor-section-height-default elementor-section-height-default\" data-id=\"3e76f17\" data-element_type=\"section\">\n\t\t\t\t\t\t<div class=\"elementor-container elementor-column-gap-default\">\n\t\t\t\t\t<div class=\"elementor-column elementor-col-66 elementor-top-column elementor-element elementor-element-b9400dc\" data-id=\"b9400dc\" data-element_type=\"column\">\n\t\t\t<div class=\"elementor-widget-wrap elementor-element-populated\">\n\t\t\t\t\t\t<div class=\"elementor-element elementor-element-d1087d8 elementor-widget elementor-widget-uael-posts\" data-id=\"d1087d8\" data-element_type=\"widget\" data-settings=\"{&quot;card_slides_to_show&quot;:1,&quot;card_slides_to_show_tablet&quot;:2,&quot;card_slides_to_show_mobile&quot;:1}\" data-widget_type=\"uael-posts.card\">\n\t\t\t\t<div class=\"elementor-widget-container\">\n\t\t\t\t\t\t\t<div class=\"uael-post__header\">\n\t\t\t\t\t<\/div>\n\t\t<div class=\"uael-post__body\">\n\t\t\t\n\t\t\n\t\t<div class=\"uael-post-grid uael-posts\" data-query-type=\"custom\" data-structure=\"masonry\" data-layout=\"masonry\" data-page=\"2715\" data-skin=\"card\" data-filter-default=\"\" data-offset-top=\"30\" >\n\n\t\t\t\t\t\t\t<div class=\"uael-post-grid__inner uael-post__columns-1 uael-post__columns-tablet-2 uael-post__columns-mobile-1 uael-post-masonry uael-post-infinite-scroll uael-post-infinite__event-scroll\">\n\t\t\t\n<div class=\"uael-post-wrapper   news \">\n\t<div class=\"uael-post__bg-wrap\">\n\n\t\t\t\t\n\t\t<div class=\"uael-post__inner-wrap uael-post__noimage\">\n\n\t\t\n\t\t\t\n\t\t\t<div class=\"uael-post__content-wrap\">\n\n\t\t\t\t\t<h4 class=\"uael-post__title\">\n\n\t\t\n\t\t\t\t\t\t<a href=\"https:\/\/iprh.de\/en\/sleep-like-in-abrahams-shot\/\" target=\"_self\">\n\t\t\t\tSleeping like in Abraham&#8217;s lap\t\t\t<\/a>\n\n\t\t\t\t<\/h4>\n\t\t\t\t\t<div class=\"uael-post__meta-data\">\n\t\t\t\t\t<span class=\"uael-post__date\">\n\t\t\t\t\t\t\t\t\t\t\t\t\t<i aria-hidden=\"true\" class=\"fa fa-calendar\"><\/i>\t\t\t\t\t\t\t\t\t\n\t\t\tJuly 13, 2020\t\t<\/span>\n\t\t\t\t<\/div>\n\t\t<div class=\"uael-post__separator\"><\/div>\n\t\t<div class=\"uael-post__excerpt\">\n\t\t\tElectrosmog-free rooms provide real regeneration in sleep When booking a hotel room, there are a number of criteria according to which the choice is made ...\t\t<\/div>\n\n\t\t\t\t\t<a class=\"uael-post__read-more elementor-button\" href=\"https:\/\/iprh.de\/en\/sleep-like-in-abrahams-shot\/\" target=\"_self\" aria-labelledby=\"uael-post-2747\">\n\t\t\t\t\t<span class=\"elementor-button-content-wrapper\">\n\t\t\t\t\t\t\t\t\t\t\t\t\t\t<span class=\"elementor-button-icon elementor-align-icon-right\">\n\n\t\t\t\t\t\t\t\t\t<i aria-hidden=\"true\" class=\"fas fa-arrow-right\"><\/i>\n\t\t\t\t\t\t\t\t<\/span>\n\t\t\t\t\t\t\t\t\t\t\t\t\t\n\t\t\t\t\t\t<span class=\"elementor-button-text\" id=uael-post-2747>Continue reading<\/span>\n\t\t\t\t\t<\/span>\n\t\t\t\t<\/a>\n\t\t\t\t\t\t<\/div>\n\t\t\t\n\t\t<\/div>\n\t\t\n\t<\/div>\n\n<\/div>\n\n<div class=\"uael-post-wrapper   news \">\n\t<div class=\"uael-post__bg-wrap\">\n\n\t\t\t\t\n\t\t<div class=\"uael-post__inner-wrap uael-post__noimage\">\n\n\t\t\n\t\t\t\n\t\t\t<div class=\"uael-post__content-wrap\">\n\n\t\t\t\t\t<h4 class=\"uael-post__title\">\n\n\t\t\n\t\t\t\t\t\t<a href=\"https:\/\/iprh.de\/en\/protection-from-5g-radiation\/\" target=\"_self\">\n\t\t\t\tWhat actually happens to us humans at 5G?\t\t\t<\/a>\n\n\t\t\t\t<\/h4>\n\t\t\t\t\t<div class=\"uael-post__meta-data\">\n\t\t\t\t\t<span class=\"uael-post__date\">\n\t\t\t\t\t\t\t\t\t\t\t\t\t<i aria-hidden=\"true\" class=\"fa fa-calendar\"><\/i>\t\t\t\t\t\t\t\t\t\n\t\t\tJuly 13, 2020\t\t<\/span>\n\t\t\t\t<\/div>\n\t\t<div class=\"uael-post__separator\"><\/div>\n\t\t<div class=\"uael-post__excerpt\">\n\t\t\tIt has long been standard for a hotel customer and a catering customer to expect a super-fast Internet to be made available for all exchange ...\t\t<\/div>\n\n\t\t\t\t\t<a class=\"uael-post__read-more elementor-button\" href=\"https:\/\/iprh.de\/en\/protection-from-5g-radiation\/\" target=\"_self\" aria-labelledby=\"uael-post-2745\">\n\t\t\t\t\t<span class=\"elementor-button-content-wrapper\">\n\t\t\t\t\t\t\t\t\t\t\t\t\t\t<span class=\"elementor-button-icon elementor-align-icon-right\">\n\n\t\t\t\t\t\t\t\t\t<i aria-hidden=\"true\" class=\"fas fa-arrow-right\"><\/i>\n\t\t\t\t\t\t\t\t<\/span>\n\t\t\t\t\t\t\t\t\t\t\t\t\t\n\t\t\t\t\t\t<span class=\"elementor-button-text\" id=uael-post-2745>Continue reading<\/span>\n\t\t\t\t\t<\/span>\n\t\t\t\t<\/a>\n\t\t\t\t\t\t<\/div>\n\t\t\t\n\t\t<\/div>\n\t\t\n\t<\/div>\n\n<\/div>\n\t\t\t\t<\/div>\n\t\t\t\t\t\t<div class=\"uael-post-inf-loader\">\n\t\t\t\t<div class=\"uael-post-loader-1\"><\/div>\n\t\t\t\t<div class=\"uael-post-loader-2\"><\/div>\n\t\t\t\t<div class=\"uael-post-loader-3\"><\/div>\n\t\t\t<\/div>\n\t\t\t\t\t\t\n\t\t<\/div>\n\n\t\t\t\t\t\t<\/div>\n\t\t<div class=\"uael-post__footer\">\n\t\t\t\t\t<\/div>\n\t\t\t\t\t\t<\/div>\n\t\t\t\t<\/div>\n\t\t\t\t\t<\/div>\n\t\t<\/div>\n\t\t\t\t<div class=\"elementor-column elementor-col-33 elementor-top-column elementor-element elementor-element-a9d9e25\" data-id=\"a9d9e25\" data-element_type=\"column\">\n\t\t\t<div class=\"elementor-widget-wrap elementor-element-populated\">\n\t\t\t\t\t\t<div class=\"elementor-element elementor-element-c276289 elementor-author-box--layout-image-above elementor-author-box--align-center elementor-widget elementor-widget-global elementor-global-2820 elementor-global-2247 elementor-widget-author-box\" data-id=\"c276289\" data-element_type=\"widget\" data-widget_type=\"author-box.default\">\n\t\t\t\t<div class=\"elementor-widget-container\">\n\t\t\t\t\t\t\t<div class=\"elementor-author-box\">\n\t\t\t\t\t\t\t<div  class=\"elementor-author-box__avatar\">\n\t\t\t\t\t<img decoding=\"async\" src=\"https:\/\/iprh.de\/wp-content\/uploads\/2020\/05\/peter-backwinkel-300x300.jpg\" alt=\"Picture of Dr. Peter Backwinkel\" loading=\"lazy\">\n\t\t\t\t<\/div>\n\t\t\t\n\t\t\t<div class=\"elementor-author-box__text\">\n\t\t\t\t\t\t\t\t\t<div >\n\t\t\t\t\t\t<h4 class=\"elementor-author-box__name\">\n\t\t\t\t\t\t\tDr. Peter Backwinkel\t\t\t\t\t\t<\/h4>\n\t\t\t\t\t<\/div>\n\t\t\t\t\n\t\t\t\t\t\t\t\t\t<div class=\"elementor-author-box__bio\">\n\t\t\t\t\t\t<p>Managing Director and Developer of the IPR Method<\/p>\n\t\t\t\t\t<\/div>\n\t\t\t\t\n\t\t\t\t\t\t\t<\/div>\n\t\t<\/div>\n\t\t\t\t\t\t<\/div>\n\t\t\t\t<\/div>\n\t\t\t\t<div class=\"elementor-element elementor-element-6872a58 elementor-widget-divider--separator-type-pattern elementor-widget-divider--view-line elementor-widget elementor-widget-divider\" data-id=\"6872a58\" data-element_type=\"widget\" data-widget_type=\"divider.default\">\n\t\t\t\t<div class=\"elementor-widget-container\">\n\t\t\t\t\t\t\t<div class=\"elementor-divider\" style=\"--divider-pattern-url: url(&quot;data:image\/svg+xml,%3Csvg xmlns=&#039;http:\/\/www.w3.org\/2000\/svg&#039; preserveAspectRatio=&#039;none&#039; overflow=&#039;visible&#039; height=&#039;100%&#039; viewBox=&#039;0 0 24 24&#039; fill=&#039;none&#039; stroke=&#039;black&#039; stroke-width=&#039;1&#039; stroke-linecap=&#039;square&#039; stroke-miterlimit=&#039;10&#039;%3E%3Cpath d=&#039;M0,6c6,0,6,13,12,13S18,6,24,6&#039;\/%3E%3C\/svg%3E&quot;);\">\n\t\t\t<span class=\"elementor-divider-separator\">\n\t\t\t\t\t\t<\/span>\n\t\t<\/div>\n\t\t\t\t\t\t<\/div>\n\t\t\t\t<\/div>\n\t\t\t\t<div class=\"elementor-element elementor-element-72d245c elementor-search-form--skin-minimal elementor-widget elementor-widget-search-form\" data-id=\"72d245c\" data-element_type=\"widget\" data-settings=\"{&quot;skin&quot;:&quot;minimal&quot;}\" data-widget_type=\"search-form.default\">\n\t\t\t\t<div class=\"elementor-widget-container\">\n\t\t\t\t\t\t\t<search role=\"search\">\n\t\t\t<form class=\"elementor-search-form\" action=\"https:\/\/iprh.de\/en\/\" method=\"get\">\n\t\t\t\t\t\t\t\t\t\t\t\t<div class=\"elementor-search-form__container\">\n\t\t\t\t\t<label class=\"elementor-screen-only\" for=\"elementor-search-form-72d245c\">Search<\/label>\n\n\t\t\t\t\t\t\t\t\t\t\t<div class=\"elementor-search-form__icon\">\n\t\t\t\t\t\t\t<i aria-hidden=\"true\" class=\"fas fa-search\"><\/i>\t\t\t\t\t\t\t<span class=\"elementor-screen-only\">Search<\/span>\n\t\t\t\t\t\t<\/div>\n\t\t\t\t\t\n\t\t\t\t\t<input id=\"elementor-search-form-72d245c\" placeholder=\"Search...\" class=\"elementor-search-form__input\" type=\"search\" name=\"s\" value=\"\">\n\t\t\t\t\t<input type='hidden' name='lang' value='en' \/>\n\t\t\t\t\t\n\t\t\t\t\t\t\t\t\t<\/div>\n\t\t\t<\/form>\n\t\t<\/search>\n\t\t\t\t\t\t<\/div>\n\t\t\t\t<\/div>\n\t\t\t\t<div class=\"elementor-element elementor-element-93b4f45 elementor-widget elementor-widget-heading\" data-id=\"93b4f45\" data-element_type=\"widget\" data-widget_type=\"heading.default\">\n\t\t\t\t<div class=\"elementor-widget-container\">\n\t\t\t\t\t<h3 class=\"elementor-heading-title elementor-size-default\">Archive<\/h3>\t\t\t\t<\/div>\n\t\t\t\t<\/div>\n\t\t\t\t<div class=\"elementor-element elementor-element-ece366a elementor-widget elementor-widget-wp-widget-archives\" data-id=\"ece366a\" data-element_type=\"widget\" data-widget_type=\"wp-widget-archives.default\">\n\t\t\t\t<div class=\"elementor-widget-container\">\n\t\t\t\t\t<h5>Zeitraum w\u00e4hlen<\/h5>\t\t<label class=\"screen-reader-text\" for=\"archives-dropdown-REPLACE_TO_ID\">Zeitraum w\u00e4hlen<\/label>\n\t\t<select id=\"archives-dropdown-REPLACE_TO_ID\" name=\"archive-dropdown\">\n\t\t\t\n\t\t\t<option value=\"\">Select Month<\/option>\n\t\t\t\t<option value='https:\/\/iprh.de\/en\/2020\/07\/'> July 2020 <\/option>\n\n\t\t<\/select>\n\n\t\t\t<script>\n( ( dropdownId ) => {\n\tconst dropdown = document.getElementById( dropdownId );\n\tfunction onSelectChange() {\n\t\tsetTimeout( () => {\n\t\t\tif ( 'escape' === dropdown.dataset.lastkey ) {\n\t\t\t\treturn;\n\t\t\t}\n\t\t\tif ( dropdown.value ) {\n\t\t\t\tdocument.location.href = dropdown.value;\n\t\t\t}\n\t\t}, 250 );\n\t}\n\tfunction onKeyUp( event ) {\n\t\tif ( 'Escape' === event.key ) {\n\t\t\tdropdown.dataset.lastkey = 'escape';\n\t\t} else {\n\t\t\tdelete dropdown.dataset.lastkey;\n\t\t}\n\t}\n\tfunction onClick() {\n\t\tdelete dropdown.dataset.lastkey;\n\t}\n\tdropdown.addEventListener( 'keyup', onKeyUp );\n\tdropdown.addEventListener( 'click', onClick );\n\tdropdown.addEventListener( 'change', onSelectChange );\n})( \"archives-dropdown-REPLACE_TO_ID\" );\n\n\/\/# sourceURL=WP_Widget_Archives%3A%3Awidget\n<\/script>\n\t\t\t\t<\/div>\n\t\t\t\t<\/div>\n\t\t\t\t\t<\/div>\n\t\t<\/div>\n\t\t\t\t\t<\/div>\n\t\t<\/section>\n\t\t\t\t<\/div>\n\t\t","protected":false},"excerpt":{"rendered":"<p>Schlafen wie in Abrahams Scho\u00df Juni 24, 2020 Elektrosmogfreie Zimmer sorgen f\u00fcr wirkliche Regeneration im Schlaf Bei der Buchung eines Hotelzimmers gibt es eine Reihe von Kriterien, nach denen die Wahl auf ein &#8230; Continue reading Was passiert eigentlich bei 5G mit uns Menschen? Mai 11, 2020 L\u00e4ngst ist es Standard, dass ein Hotelkunde und [&hellip;]<\/p>\n","protected":false},"author":1,"featured_media":0,"parent":0,"menu_order":0,"comment_status":"closed","ping_status":"closed","template":"elementor_header_footer","meta":{"_acf_changed":false,"inline_featured_image":false,"site-sidebar-layout":"default","site-content-layout":"page-builder","ast-site-content-layout":"default","site-content-style":"default","site-sidebar-style":"default","ast-global-header-display":"","ast-banner-title-visibility":"","ast-main-header-display":"","ast-hfb-above-header-display":"","ast-hfb-below-header-display":"","ast-hfb-mobile-header-display":"","site-post-title":"disabled","ast-breadcrumbs-content":"","ast-featured-img":"disabled","footer-sml-layout":"","ast-disable-related-posts":"","theme-transparent-header-meta":"default","adv-header-id-meta":"","stick-header-meta":"default","header-above-stick-meta":"","header-main-stick-meta":"","header-below-stick-meta":"","astra-migrate-meta-layouts":"default","ast-page-background-enabled":"default","ast-page-background-meta":{"desktop":{"background-color":"","background-image":"","background-repeat":"repeat","background-position":"center center","background-size":"auto","background-attachment":"scroll","background-type":"","background-media":"","overlay-type":"","overlay-color":"","overlay-opacity":"","overlay-gradient":""},"tablet":{"background-color":"","background-image":"","background-repeat":"repeat","background-position":"center center","background-size":"auto","background-attachment":"scroll","background-type":"","background-media":"","overlay-type":"","overlay-color":"","overlay-opacity":"","overlay-gradient":""},"mobile":{"background-color":"","background-image":"","background-repeat":"repeat","background-position":"center center","background-size":"auto","background-attachment":"scroll","background-type":"","background-media":"","overlay-type":"","overlay-color":"","overlay-opacity":"","overlay-gradient":""}},"ast-content-background-meta":{"desktop":{"background-color":"var(--ast-global-color-5)","background-image":"","background-repeat":"repeat","background-position":"center center","background-size":"auto","background-attachment":"scroll","background-type":"","background-media":"","overlay-type":"","overlay-color":"","overlay-opacity":"","overlay-gradient":""},"tablet":{"background-color":"var(--ast-global-color-5)","background-image":"","background-repeat":"repeat","background-position":"center center","background-size":"auto","background-attachment":"scroll","background-type":"","background-media":"","overlay-type":"","overlay-color":"","overlay-opacity":"","overlay-gradient":""},"mobile":{"background-color":"var(--ast-global-color-5)","background-image":"","background-repeat":"repeat","background-position":"center center","background-size":"auto","background-attachment":"scroll","background-type":"","background-media":"","overlay-type":"","overlay-color":"","overlay-opacity":"","overlay-gradient":""}},"footnotes":""},"class_list":["post-2715","page","type-page","status-publish","hentry"],"acf":[],"yoast_head":"<!-- This site is optimized with the Yoast SEO plugin v25.9 - https:\/\/yoast.com\/wordpress\/plugins\/seo\/ -->\n<title>News - IPR Institut f\u00fcr physikalische Raumharmonisierung<\/title>\n<meta name=\"description\" content=\"Das Institut f\u00fcr physikalische Raumentst\u00f6rung schafft langfristig mehr Wohlbefinden durch die Neutralisierung von St\u00f6rfeldern.\" \/>\n<meta name=\"robots\" content=\"index, follow, max-snippet:-1, max-image-preview:large, max-video-preview:-1\" \/>\n<link rel=\"canonical\" href=\"https:\/\/iprh.de\/en\/news\/\" \/>\n<meta property=\"og:locale\" content=\"en_US\" \/>\n<meta property=\"og:type\" content=\"article\" \/>\n<meta property=\"og:title\" content=\"News - IPR Institut f\u00fcr physikalische Raumharmonisierung\" \/>\n<meta property=\"og:description\" content=\"Das Institut f\u00fcr physikalische Raumentst\u00f6rung schafft langfristig mehr Wohlbefinden durch die Neutralisierung von St\u00f6rfeldern.\" \/>\n<meta property=\"og:url\" content=\"https:\/\/iprh.de\/en\/news\/\" \/>\n<meta property=\"og:site_name\" content=\"IPR Institut f\u00fcr physikalische Raumharmonisierung\" \/>\n<meta property=\"article:modified_time\" content=\"2020-07-21T19:33:50+00:00\" \/>\n<meta name=\"twitter:card\" content=\"summary_large_image\" \/>\n<script type=\"application\/ld+json\" class=\"yoast-schema-graph\">{\"@context\":\"https:\/\/schema.org\",\"@graph\":[{\"@type\":\"WebPage\",\"@id\":\"https:\/\/iprh.de\/en\/news\/\",\"url\":\"https:\/\/iprh.de\/en\/news\/\",\"name\":\"News - IPR Institut f\u00fcr physikalische Raumharmonisierung\",\"isPartOf\":{\"@id\":\"https:\/\/iprh.de\/en\/#website\"},\"datePublished\":\"2020-07-13T09:32:17+00:00\",\"dateModified\":\"2020-07-21T19:33:50+00:00\",\"description\":\"Das Institut f\u00fcr physikalische Raumentst\u00f6rung schafft langfristig mehr Wohlbefinden durch die Neutralisierung von St\u00f6rfeldern.\",\"breadcrumb\":{\"@id\":\"https:\/\/iprh.de\/en\/news\/#breadcrumb\"},\"inLanguage\":\"en-US\",\"potentialAction\":[{\"@type\":\"ReadAction\",\"target\":[\"https:\/\/iprh.de\/en\/news\/\"]}]},{\"@type\":\"BreadcrumbList\",\"@id\":\"https:\/\/iprh.de\/en\/news\/#breadcrumb\",\"itemListElement\":[{\"@type\":\"ListItem\",\"position\":1,\"name\":\"Start\",\"item\":\"https:\/\/iprh.de\/en\/\"},{\"@type\":\"ListItem\",\"position\":2,\"name\":\"News\"}]},{\"@type\":\"WebSite\",\"@id\":\"https:\/\/iprh.de\/en\/#website\",\"url\":\"https:\/\/iprh.de\/en\/\",\"name\":\"IPR Institut f\u00fcr physikalische Raumharmonisierung\",\"description\":\"The Institute for Physical Room Harmonisation creates more well-being in the long term by neutralising interference fields.\",\"publisher\":{\"@id\":\"https:\/\/iprh.de\/en\/#organization\"},\"potentialAction\":[{\"@type\":\"SearchAction\",\"target\":{\"@type\":\"EntryPoint\",\"urlTemplate\":\"https:\/\/iprh.de\/en\/?s={search_term_string}\"},\"query-input\":{\"@type\":\"PropertyValueSpecification\",\"valueRequired\":true,\"valueName\":\"search_term_string\"}}],\"inLanguage\":\"en-US\"},{\"@type\":\"Organization\",\"@id\":\"https:\/\/iprh.de\/en\/#organization\",\"name\":\"IPR Institut f\u00fcr physikalische Raumharmonisierung\",\"url\":\"https:\/\/iprh.de\/en\/\",\"logo\":{\"@type\":\"ImageObject\",\"inLanguage\":\"en-US\",\"@id\":\"https:\/\/iprh.de\/en\/#\/schema\/logo\/image\/\",\"url\":\"https:\/\/iprh.de\/wp-content\/uploads\/2020\/05\/logo_ipr.svg\",\"contentUrl\":\"https:\/\/iprh.de\/wp-content\/uploads\/2020\/05\/logo_ipr.svg\",\"width\":\"1024\",\"height\":\"1024\",\"caption\":\"IPR Institut f\u00fcr physikalische Raumharmonisierung\"},\"image\":{\"@id\":\"https:\/\/iprh.de\/en\/#\/schema\/logo\/image\/\"}}]}<\/script>\n<!-- \/ Yoast SEO plugin. -->","yoast_head_json":{"title":"News - IPR Institut f\u00fcr physikalische Raumharmonisierung","description":"Das Institut f\u00fcr physikalische Raumentst\u00f6rung schafft langfristig mehr Wohlbefinden durch die Neutralisierung von St\u00f6rfeldern.","robots":{"index":"index","follow":"follow","max-snippet":"max-snippet:-1","max-image-preview":"max-image-preview:large","max-video-preview":"max-video-preview:-1"},"canonical":"https:\/\/iprh.de\/en\/news\/","og_locale":"en_US","og_type":"article","og_title":"News - IPR Institut f\u00fcr physikalische Raumharmonisierung","og_description":"Das Institut f\u00fcr physikalische Raumentst\u00f6rung schafft langfristig mehr Wohlbefinden durch die Neutralisierung von St\u00f6rfeldern.","og_url":"https:\/\/iprh.de\/en\/news\/","og_site_name":"IPR Institut f\u00fcr physikalische Raumharmonisierung","article_modified_time":"2020-07-21T19:33:50+00:00","twitter_card":"summary_large_image","schema":{"@context":"https:\/\/schema.org","@graph":[{"@type":"WebPage","@id":"https:\/\/iprh.de\/en\/news\/","url":"https:\/\/iprh.de\/en\/news\/","name":"News - IPR Institut f\u00fcr physikalische Raumharmonisierung","isPartOf":{"@id":"https:\/\/iprh.de\/en\/#website"},"datePublished":"2020-07-13T09:32:17+00:00","dateModified":"2020-07-21T19:33:50+00:00","description":"Das Institut f\u00fcr physikalische Raumentst\u00f6rung schafft langfristig mehr Wohlbefinden durch die Neutralisierung von St\u00f6rfeldern.","breadcrumb":{"@id":"https:\/\/iprh.de\/en\/news\/#breadcrumb"},"inLanguage":"en-US","potentialAction":[{"@type":"ReadAction","target":["https:\/\/iprh.de\/en\/news\/"]}]},{"@type":"BreadcrumbList","@id":"https:\/\/iprh.de\/en\/news\/#breadcrumb","itemListElement":[{"@type":"ListItem","position":1,"name":"Start","item":"https:\/\/iprh.de\/en\/"},{"@type":"ListItem","position":2,"name":"News"}]},{"@type":"WebSite","@id":"https:\/\/iprh.de\/en\/#website","url":"https:\/\/iprh.de\/en\/","name":"IPR Institut f\u00fcr physikalische Raumharmonisierung","description":"The Institute for Physical Room Harmonisation creates more well-being in the long term by neutralising interference fields.","publisher":{"@id":"https:\/\/iprh.de\/en\/#organization"},"potentialAction":[{"@type":"SearchAction","target":{"@type":"EntryPoint","urlTemplate":"https:\/\/iprh.de\/en\/?s={search_term_string}"},"query-input":{"@type":"PropertyValueSpecification","valueRequired":true,"valueName":"search_term_string"}}],"inLanguage":"en-US"},{"@type":"Organization","@id":"https:\/\/iprh.de\/en\/#organization","name":"IPR Institut f\u00fcr physikalische Raumharmonisierung","url":"https:\/\/iprh.de\/en\/","logo":{"@type":"ImageObject","inLanguage":"en-US","@id":"https:\/\/iprh.de\/en\/#\/schema\/logo\/image\/","url":"https:\/\/iprh.de\/wp-content\/uploads\/2020\/05\/logo_ipr.svg","contentUrl":"https:\/\/iprh.de\/wp-content\/uploads\/2020\/05\/logo_ipr.svg","width":"1024","height":"1024","caption":"IPR Institut f\u00fcr physikalische Raumharmonisierung"},"image":{"@id":"https:\/\/iprh.de\/en\/#\/schema\/logo\/image\/"}}]}},"_links":{"self":[{"href":"https:\/\/iprh.de\/en\/wp-json\/wp\/v2\/pages\/2715","targetHints":{"allow":["GET"]}}],"collection":[{"href":"https:\/\/iprh.de\/en\/wp-json\/wp\/v2\/pages"}],"about":[{"href":"https:\/\/iprh.de\/en\/wp-json\/wp\/v2\/types\/page"}],"author":[{"embeddable":true,"href":"https:\/\/iprh.de\/en\/wp-json\/wp\/v2\/users\/1"}],"replies":[{"embeddable":true,"href":"https:\/\/iprh.de\/en\/wp-json\/wp\/v2\/comments?post=2715"}],"version-history":[{"count":10,"href":"https:\/\/iprh.de\/en\/wp-json\/wp\/v2\/pages\/2715\/revisions"}],"predecessor-version":[{"id":2819,"href":"https:\/\/iprh.de\/en\/wp-json\/wp\/v2\/pages\/2715\/revisions\/2819"}],"wp:attachment":[{"href":"https:\/\/iprh.de\/en\/wp-json\/wp\/v2\/media?parent=2715"}],"curies":[{"name":"wp","href":"https:\/\/api.w.org\/{rel}","templated":true}]}}